{"id":2493,"date":"2023-11-19T14:27:00","date_gmt":"2023-11-19T14:27:00","guid":{"rendered":"https:\/\/redflagsapp.net\/?page_id=2493"},"modified":"2024-11-11T16:20:22","modified_gmt":"2024-11-11T16:20:22","slug":"blog","status":"publish","type":"page","link":"https:\/\/redflagsapp.net\/index.php\/blog\/","title":{"rendered":"Blog"},"content":{"rendered":"\t\t<div data-elementor-type=\"wp-page\" data-elementor-id=\"2493\" class=\"elementor elementor-2493\">\n\t\t\t\t<div class=\"elementor-element elementor-element-f953acc e-flex e-con-boxed e-con e-parent\" data-id=\"f953acc\" data-element_type=\"container\">\n\t\t\t\t\t<div class=\"e-con-inner\">\n\t\t\t\t<div class=\"elementor-element elementor-element-1b2958d elementor-widget elementor-widget-heading\" data-id=\"1b2958d\" data-element_type=\"widget\" data-widget_type=\"heading.default\">\n\t\t\t\t<div class=\"elementor-widget-container\">\n\t\t\t<h2 class=\"elementor-heading-title elementor-size-default\">Explore Red Flags<\/h2>\t\t<\/div>\n\t\t\t\t<\/div>\n\t\t<div class=\"elementor-element elementor-element-7e05e90 e-con-full e-flex e-con e-child\" data-id=\"7e05e90\" data-element_type=\"container\">\n\t\t\t\t<div class=\"elementor-element elementor-element-2b66fd3 elementor-widget elementor-widget-text-editor\" data-id=\"2b66fd3\" data-element_type=\"widget\" data-widget_type=\"text-editor.default\">\n\t\t\t\t<div class=\"elementor-widget-container\">\n\t\t\t\t\t\t\t<p>Explore insights, inspiration, and resources on mental wellness, mindfulness, and self-care.<\/p>\t\t\t\t\t\t<\/div>\n\t\t\t\t<\/div>\n\t\t<div class=\"elementor-element elementor-element-0bf8347 e-con-full e-flex e-con e-child\" data-id=\"0bf8347\" data-element_type=\"container\">\n\t\t\t\t<div class=\"elementor-element elementor-element-00b2b7d elementor-search-form--button-type-text elementor-widget__width-initial elementor-search-form--skin-classic elementor-widget elementor-widget-search-form\" data-id=\"00b2b7d\" data-element_type=\"widget\" data-settings=\"{&quot;skin&quot;:&quot;classic&quot;}\" data-widget_type=\"search-form.default\">\n\t\t\t\t<div class=\"elementor-widget-container\">\n\t\t\t\t\t<form class=\"elementor-search-form\" role=\"search\" action=\"https:\/\/redflagsapp.net\" method=\"get\">\n\t\t\t\t\t\t\t\t\t<div class=\"elementor-search-form__container\">\n\t\t\t\t\t\t\t\t<input placeholder=\"Enter your email\" class=\"elementor-search-form__input\" type=\"search\" name=\"s\" title=\"Search\" value=\"\">\n\t\t\t\t\t\t\t\t\t\t\t\t\t<button class=\"elementor-search-form__submit\" type=\"submit\" title=\"Search\" aria-label=\"Search\">\n\t\t\t\t\t\t\t\t\t\t\t\t\tSubscribe\t\t\t\t\t\t\t\t\t\t\t<\/button>\n\t\t\t\t\t\t\t\t\t\t\t<\/div>\n\t\t<\/form>\n\t\t\t\t<\/div>\n\t\t\t\t<\/div>\n\t\t\t\t<\/div>\n\t\t\t\t<\/div>\n\t\t\t\t\t<\/div>\n\t\t\t\t<\/div>\n\t\t<div class=\"elementor-element elementor-element-097abcc e-flex e-con-boxed e-con e-parent\" data-id=\"097abcc\" data-element_type=\"container\">\n\t\t\t\t\t<div class=\"e-con-inner\">\n\t\t\t\t<div class=\"elementor-element elementor-element-a9c7584 elementor-widget elementor-widget-elementskit-blog-posts\" data-id=\"a9c7584\" data-element_type=\"widget\" data-widget_type=\"elementskit-blog-posts.default\">\n\t\t\t\t<div class=\"elementor-widget-container\">\n\t\t\t<div class=\"ekit-wid-con\" >        <div id=\"post-items--a9c7584\" class=\"row post-items\">\n                    <div class=\"col-md-12\">\n\n                                    <div class=\"elementskit-blog-block-post\">\n                        <div class=\"row no-gutters\">\n                            \n                            <div class=\"col-md-12 order-2\">\n                                <div class=\"elementskit-post-body \">\n                                    <div class=\"elementskit-entry-header\">\n                                        \n                                                                                            \t\t\t\t\t                                            \n                                            \n                                                                                            \t\t\t\t<h2 class=\"entry-title\">\n\t\t\t\t\t<a href=\"https:\/\/redflagsapp.net\/index.php\/2025\/07\/06\/site-oficial-da-mostbet-pais-e-do-mundo-apostas-esportivas-at-the-cassino-no-brasil\/\">\n\t\t\t\t\t\tSite Oficial Da Mostbet Pa\u00eds E Do Mundo Apostas Esportivas At The Cassino No Brasil\t\t\t\t\t<\/a>\n\t\t\t\t<\/h2>\n\t\t\t                                                                                <\/div><!-- .elementskit-entry-header END -->\n\n                                                                            <div class=\"elementskit-post-footer\">\n                                                                                            <p>Mostbet Brasil: Site Oficial, Inscri\u00e7\u00e3o, B\u00f4nus Fifteen 000r$ Entrar Content O Cassino E Casa De Apostas Mostbet \u00c9 Confi\u00e1vel? M\u00e9todos Para Pagamento [&hellip;]<\/p>\n                                                                                                                                <\/div><!-- .elementskit-post-footer END -->\n                                                                    <\/div><!-- .elementskit-post-body END -->\n                            <\/div>\n                        <\/div>\n                    <\/div><!-- .elementskit-blog-block-post .radius .gradient-bg END -->\n                \n            <\/div>\n                    <div class=\"col-md-12\">\n\n                                    <div class=\"elementskit-blog-block-post\">\n                        <div class=\"row no-gutters\">\n                            \n                            <div class=\"col-md-12 order-2\">\n                                <div class=\"elementskit-post-body \">\n                                    <div class=\"elementskit-entry-header\">\n                                        \n                                                                                            \t\t\t\t\t                                            \n                                            \n                                                                                            \t\t\t\t<h2 class=\"entry-title\">\n\t\t\t\t\t<a href=\"https:\/\/redflagsapp.net\/index.php\/2025\/07\/03\/mostbet-official-web-site-in-bangladesh-bonus-up-to-81000-bdt\/\">\n\t\t\t\t\t\tMostbet Official Web Site In Bangladesh Bonus Up To 81000 Bdt!\t\t\t\t\t<\/a>\n\t\t\t\t<\/h2>\n\t\t\t                                                                                <\/div><!-- .elementskit-entry-header END -->\n\n                                                                            <div class=\"elementskit-post-footer\">\n                                                                                            <p>Mostbet Established Website Register, Get Access &#038; Get Bonus Content \u201cdetail\u201d: \u201drequest Control Time Surpass&#8221; &#8220;limit\u201d Minimum Plus Maximum Bet Amounts Step-by-step [&hellip;]<\/p>\n                                                                                                                                <\/div><!-- .elementskit-post-footer END -->\n                                                                    <\/div><!-- .elementskit-post-body END -->\n                            <\/div>\n                        <\/div>\n                    <\/div><!-- .elementskit-blog-block-post .radius .gradient-bg END -->\n                \n            <\/div>\n                    <div class=\"col-md-12\">\n\n                                    <div class=\"elementskit-blog-block-post\">\n                        <div class=\"row no-gutters\">\n                            \n                            <div class=\"col-md-12 order-2\">\n                                <div class=\"elementskit-post-body \">\n                                    <div class=\"elementskit-entry-header\">\n                                        \n                                                                                            \t\t\t\t\t                                            \n                                            \n                                                                                            \t\t\t\t<h2 class=\"entry-title\">\n\t\t\t\t\t<a href=\"https:\/\/redflagsapp.net\/index.php\/2025\/07\/03\/topp-10-gambling-establishment-utan-svensk-licens-jamfor-casinon-utan-spelpaus\/\">\n\t\t\t\t\t\tTopp 10 Gambling Establishment Utan Svensk Licens J\u00e4mf\u00f6r Casinon Utan Spelpaus\t\t\t\t\t<\/a>\n\t\t\t\t<\/h2>\n\t\t\t                                                                                <\/div><!-- .elementskit-entry-header END -->\n\n                                                                            <div class=\"elementskit-post-footer\">\n                                                                                            <p>Mga Casino Utan Svensk Licens Den Ultimata Guiden F\u00f6r 2025 Content Alternativa Blockeringsmetoder P\u00e5 Utl\u00e4ndska Casino Utan Spelpaus Casino Utan Licens Bonus [&hellip;]<\/p>\n                                                                                                                                <\/div><!-- .elementskit-post-footer END -->\n                                                                    <\/div><!-- .elementskit-post-body END -->\n                            <\/div>\n                        <\/div>\n                    <\/div><!-- .elementskit-blog-block-post .radius .gradient-bg END -->\n                \n            <\/div>\n                <\/div>\n       <\/div>\t\t<\/div>\n\t\t\t\t<\/div>\n\t\t\t\t<div class=\"elementor-element elementor-element-af04a1c elementor-widget elementor-widget-uicore-post-grid\" data-id=\"af04a1c\" data-element_type=\"widget\" data-widget_type=\"uicore-post-grid.default\">\n\t\t\t\t<div class=\"elementor-widget-container\">\n\t\t\t<div class=\"uicore-grid-container uicore-blog-grid uicore-grid-row uicore-grid uicore-square-ratio uicore-large-space animate-3 ui-st-simple uicore-blog-widget\">\n            <div class=\"uicore-grid-item uicore-col-md-6 uicore-col-lg-4  uicore-zoom uicore-animate post-23096 post type-post status-publish format-standard hentry category-post\" >\n                <article class=\"uicore-post\">\n                    <div class=\"uicore-post-wrapper\">\n\n                        \n                        <div class=\"uicore-post-info\">\n                            <div class=\"uicore-post-info-wrapper\">\n                                                                <div class=\"uicore-post-category uicore-body\">\n                                    <a href=\"https:\/\/redflagsapp.net\/index.php\/category\/post\/\" title=\"View Post posts\">Post<\/a>                                <\/div>\n                              <a href=\"https:\/\/redflagsapp.net\/index.php\/2025\/07\/07\/14-2890\/\" title=\"View Post: 14 (2890) \">                              <h4 class=\"uicore-post-title\"><span>14 (2890)<\/span><\/h4>\n                              <\/a><p>Unavventura imperdibile ti attende in Chicken Road, dove ogni passo pu\u00f2 trasformarsi in unepica sfida tra abilit\u00e0 e audacia! Le meccaniche di [&hellip;]<\/p>                            <\/div>\n                        <\/div>\n\n                    <\/div>\n                <\/article>\n            <\/div>\n        \n            <div class=\"uicore-grid-item uicore-col-md-6 uicore-col-lg-4  uicore-zoom uicore-animate post-23094 post type-post status-publish format-standard hentry category-post\" >\n                <article class=\"uicore-post\">\n                    <div class=\"uicore-post-wrapper\">\n\n                        \n                        <div class=\"uicore-post-info\">\n                            <div class=\"uicore-post-info-wrapper\">\n                                                                <div class=\"uicore-post-category uicore-body\">\n                                    <a href=\"https:\/\/redflagsapp.net\/index.php\/category\/post\/\" title=\"View Post posts\">Post<\/a>                                <\/div>\n                              <a href=\"https:\/\/redflagsapp.net\/index.php\/2025\/07\/07\/unavventura-infuocata-attende-nei-circuiti-del\/\" title=\"View Post: Unavventura infuocata attende nei circuiti del divertimento del Chicken Road casino! \">                              <h4 class=\"uicore-post-title\"><span>Unavventura infuocata attende nei circuiti del divertimento del Chicken Road casino!<\/span><\/h4>\n                              <\/a><p>Unavventura infuocata attende nei circuiti del divertimento del Chicken Road casino! Le basi del Chicken Road casino Strategie per aumentare le possibilit\u00e0 [&hellip;]<\/p>                            <\/div>\n                        <\/div>\n\n                    <\/div>\n                <\/article>\n            <\/div>\n        \n            <div class=\"uicore-grid-item uicore-col-md-6 uicore-col-lg-4  uicore-zoom uicore-animate post-23100 post type-post status-publish format-standard hentry category-uncategorized\" >\n                <article class=\"uicore-post\">\n                    <div class=\"uicore-post-wrapper\">\n\n                        \n                        <div class=\"uicore-post-info\">\n                            <div class=\"uicore-post-info-wrapper\">\n                                                                <div class=\"uicore-post-category uicore-body\">\n                                    <a href=\"https:\/\/redflagsapp.net\/index.php\/category\/uncategorized\/\" title=\"View Uncategorized posts\">Uncategorized<\/a>                                <\/div>\n                              <a href=\"https:\/\/redflagsapp.net\/index.php\/2025\/07\/06\/site-oficial-da-mostbet-pais-e-do-mundo-apostas-esportivas-at-the-cassino-no-brasil\/\" title=\"View Post: Site Oficial Da Mostbet Pa\u00eds E Do Mundo Apostas Esportivas At The Cassino No Brasil \">                              <h4 class=\"uicore-post-title\"><span>Site Oficial Da Mostbet Pa\u00eds E Do Mundo Apostas Esportivas At The Cassino No Brasil<\/span><\/h4>\n                              <\/a><p>Mostbet Brasil: Site Oficial, Inscri\u00e7\u00e3o, B\u00f4nus Fifteen 000r$ Entrar Content O Cassino E Casa De Apostas Mostbet \u00c9 Confi\u00e1vel? M\u00e9todos Para Pagamento [&hellip;]<\/p>                            <\/div>\n                        <\/div>\n\n                    <\/div>\n                <\/article>\n            <\/div>\n        <\/div>\t\t<\/div>\n\t\t\t\t<\/div>\n\t\t\t\t\t<\/div>\n\t\t\t\t<\/div>\n\t\t\t\t<\/div>\n\t\t","protected":false},"excerpt":{"rendered":"<p>Explore Red Flags Explore insights, inspiration, and resources on mental wellness, mindfulness, and self-care. How to Identify and Overcome Burnout Burnout has [&hellip;]<\/p>\n","protected":false},"author":1,"featured_media":0,"parent":0,"menu_order":0,"comment_status":"closed","ping_status":"open","template":"rttpg_canvas","meta":{"footnotes":""},"class_list":["post-2493","page","type-page","status-publish","hentry"],"rttpg_featured_image_url":null,"rttpg_author":{"display_name":"redflagsapp","author_link":"https:\/\/redflagsapp.net\/index.php\/author\/redflagsapp\/"},"rttpg_comment":1,"rttpg_category":"","rttpg_excerpt":"Explore Red Flags Explore insights, inspiration, and resources on mental wellness, mindfulness, and self-care. How to Identify and Overcome Burnout Burnout has [&hellip;]","_links":{"self":[{"href":"https:\/\/redflagsapp.net\/index.php\/wp-json\/wp\/v2\/pages\/2493","targetHints":{"allow":["GET"]}}],"collection":[{"href":"https:\/\/redflagsapp.net\/index.php\/wp-json\/wp\/v2\/pages"}],"about":[{"href":"https:\/\/redflagsapp.net\/index.php\/wp-json\/wp\/v2\/types\/page"}],"author":[{"embeddable":true,"href":"https:\/\/redflagsapp.net\/index.php\/wp-json\/wp\/v2\/users\/1"}],"replies":[{"embeddable":true,"href":"https:\/\/redflagsapp.net\/index.php\/wp-json\/wp\/v2\/comments?post=2493"}],"version-history":[{"count":44,"href":"https:\/\/redflagsapp.net\/index.php\/wp-json\/wp\/v2\/pages\/2493\/revisions"}],"predecessor-version":[{"id":3243,"href":"https:\/\/redflagsapp.net\/index.php\/wp-json\/wp\/v2\/pages\/2493\/revisions\/3243"}],"wp:attachment":[{"href":"https:\/\/redflagsapp.net\/index.php\/wp-json\/wp\/v2\/media?parent=2493"}],"curies":[{"name":"wp","href":"https:\/\/api.w.org\/{rel}","templated":true}]}}